{"id":9,"date":"2012-09-21T20:18:55","date_gmt":"2012-09-21T18:18:55","guid":{"rendered":"http:\/\/sono.crans.org\/?page_id=9"},"modified":"2021-02-18T12:40:30","modified_gmt":"2021-02-18T10:40:30","slug":"environnement","status":"publish","type":"page","link":"https:\/\/sono.crans.org\/?page_id=9","title":{"rendered":"Environnement"},"content":{"rendered":"<p style=\"text-align: justify;\">Comme les enjeux environnementaux ne sont jamais assez mis en avant, une association sp\u00e9cifique a \u00e9t\u00e9 cr\u00e9\u00e9e pour mener des actions de sensibilisation et mobilisation \u00e0 l&rsquo;\u00e9chelle du campus et au-del\u00e0 : l&rsquo;association <a title=\"Terre \u00e0 terre\" href=\"https:\/\/www.facebook.com\/Terre-%C3%A0-Terre-ENS-Paris-Saclay-102838291110489\/?__tn__=%2Cd%2CP-R&amp;eid=ARC6eOf8IgejCQfmdnC2j7w69BzwKUdixNEuppEkBosgw3EuZ7LkfyNFNFoN8ksG15dIOBpR5yJIrhpn\">Terre \u00e0 Terre<\/a>.<\/p>\n<p style=\"text-align: justify;\"><em>Le projet \u00ab\u00a0Environnement\u00a0\u00bb regroupait les actions de sensibilisation \u00e0 la protection de notre environnement, \u00e0 l&rsquo;\u00e9chelle locale (le campus) ou sur des th\u00e9matiques plus g\u00e9n\u00e9rales.<\/em><\/p>\n<p style=\"text-align: justify;\"><a href=\"http:\/\/sono.crans.org\/wp-content\/uploads\/2012\/09\/TexteHerbeSoNo.jpg\"><img decoding=\"async\" loading=\"lazy\" class=\"alignnone size-full wp-image-158\" title=\"TexteHerbeSoNo\" src=\"http:\/\/sono.crans.org\/wp-content\/uploads\/2012\/09\/TexteHerbeSoNo.jpg\" alt=\"\" width=\"640\" height=\"404\" srcset=\"https:\/\/sono.crans.org\/wp-content\/uploads\/2012\/09\/TexteHerbeSoNo.jpg 640w, https:\/\/sono.crans.org\/wp-content\/uploads\/2012\/09\/TexteHerbeSoNo-300x189.jpg 300w, https:\/\/sono.crans.org\/wp-content\/uploads\/2012\/09\/TexteHerbeSoNo-475x300.jpg 475w\" sizes=\"(max-width: 640px) 100vw, 640px\" \/><\/a><\/p>\n<p style=\"text-align: justify;\"><em>Par le pass\u00e9, plusieurs actions avaient pu \u00eatre r\u00e9alis\u00e9es, par exemple :<\/em><\/p>\n<ul style=\"text-align: justify;\">\n<li><em>Sensibilisation au tri s\u00e9lectif, au niveau des \u00e9l\u00e8ves ainsi que des personnels de l&rsquo;\u00e9cole, en collaboration notamment avec le Crous et la ville de Cachan.<\/em><\/li>\n<li><em>Organisation de conf\u00e9rences-d\u00e9bats sur des sujets d&rsquo;actualit\u00e9.<\/em><\/li>\n<li><em>Promotion du d\u00e9veloppement durable.<\/em><\/li>\n<\/ul>\n","protected":false},"excerpt":{"rendered":"<p>Comme les enjeux environnementaux ne sont jamais assez mis en avant, une association sp\u00e9cifique a \u00e9t\u00e9 cr\u00e9\u00e9e pour mener des actions de sensibilisation et mobilisation \u00e0 l&rsquo;\u00e9chelle du campus et au-del\u00e0 : l&rsquo;association Terre \u00e0 Terre. Le projet \u00ab\u00a0Environnement\u00a0\u00bb regroupait &hellip; <a href=\"https:\/\/sono.crans.org\/?page_id=9\">Lire la suite <span class=\"meta-nav\">&rarr;<\/span><\/a><\/p>\n","protected":false},"author":22,"featured_media":0,"parent":580,"menu_order":5,"comment_status":"closed","ping_status":"closed","template":"","meta":[],"_links":{"self":[{"href":"https:\/\/sono.crans.org\/index.php?rest_route=\/wp\/v2\/pages\/9"}],"collection":[{"href":"https:\/\/sono.crans.org\/index.php?rest_route=\/wp\/v2\/pages"}],"about":[{"href":"https:\/\/sono.crans.org\/index.php?rest_route=\/wp\/v2\/types\/page"}],"author":[{"embeddable":true,"href":"https:\/\/sono.crans.org\/index.php?rest_route=\/wp\/v2\/users\/22"}],"replies":[{"embeddable":true,"href":"https:\/\/sono.crans.org\/index.php?rest_route=%2Fwp%2Fv2%2Fcomments&post=9"}],"version-history":[{"count":16,"href":"https:\/\/sono.crans.org\/index.php?rest_route=\/wp\/v2\/pages\/9\/revisions"}],"predecessor-version":[{"id":61,"href":"https:\/\/sono.crans.org\/index.php?rest_route=\/wp\/v2\/pages\/9\/revisions\/61"}],"up":[{"embeddable":true,"href":"https:\/\/sono.crans.org\/index.php?rest_route=\/wp\/v2\/pages\/580"}],"wp:attachment":[{"href":"https:\/\/sono.crans.org\/index.php?rest_route=%2Fwp%2Fv2%2Fmedia&parent=9"}],"curies":[{"name":"wp","href":"https:\/\/api.w.org\/{rel}","templated":true}]}}