{"id":899,"date":"2022-09-05T12:09:18","date_gmt":"2022-09-05T10:09:18","guid":{"rendered":"http:\/\/sono.crans.org\/?page_id=899"},"modified":"2022-09-05T12:17:48","modified_gmt":"2022-09-05T10:17:48","slug":"photos-cours-francais-langue-etrangere","status":"publish","type":"page","link":"https:\/\/sono.crans.org\/?page_id=899","title":{"rendered":"Photos cours Fran\u00e7ais Langue \u00e9trang\u00e8re"},"content":{"rendered":"<p>Voil\u00e0 les photos prises pendant nos actions de soutien scolaire \u00e0 un camp de Roumains pr\u00e9sents sur le plateau de Saclay depuis l&rsquo;ann\u00e9e scolaire 2019-2020.<\/p>\n\n\t\t<style type=\"text\/css\">\n\t\t\t#gallery-1 {\n\t\t\t\tmargin: auto;\n\t\t\t}\n\t\t\t#gallery-1 .gallery-item {\n\t\t\t\tfloat: left;\n\t\t\t\tmargin-top: 10px;\n\t\t\t\ttext-align: center;\n\t\t\t\twidth: 33%;\n\t\t\t}\n\t\t\t#gallery-1 img {\n\t\t\t\tborder: 2px solid #cfcfcf;\n\t\t\t}\n\t\t\t#gallery-1 .gallery-caption {\n\t\t\t\tmargin-left: 0;\n\t\t\t}\n\t\t\t\/* see gallery_shortcode() in wp-includes\/media.php *\/\n\t\t<\/style>\n\t\t<div id='gallery-1' class='gallery galleryid-899 gallery-columns-3 gallery-size-thumbnail'><dl class='gallery-item'>\n\t\t\t<dt class='gallery-icon landscape'>\n\t\t\t\t<a href='https:\/\/sono.crans.org\/?attachment_id=900'><img width=\"150\" height=\"150\" src=\"https:\/\/sono.crans.org\/wp-content\/uploads\/2022\/09\/received_2981370472114286-150x150.jpeg\" class=\"attachment-thumbnail size-thumbnail\" alt=\"\" decoding=\"async\" loading=\"lazy\" \/><\/a>\n\t\t\t<\/dt><\/dl><dl class='gallery-item'>\n\t\t\t<dt class='gallery-icon landscape'>\n\t\t\t\t<a href='https:\/\/sono.crans.org\/?attachment_id=901'><img width=\"150\" height=\"150\" src=\"https:\/\/sono.crans.org\/wp-content\/uploads\/2022\/09\/received_236778378640870-150x150.jpeg\" class=\"attachment-thumbnail size-thumbnail\" alt=\"\" decoding=\"async\" loading=\"lazy\" \/><\/a>\n\t\t\t<\/dt><\/dl><dl class='gallery-item'>\n\t\t\t<dt class='gallery-icon landscape'>\n\t\t\t\t<a href='https:\/\/sono.crans.org\/?attachment_id=902'><img width=\"150\" height=\"150\" src=\"https:\/\/sono.crans.org\/wp-content\/uploads\/2022\/09\/received_383584436943810-150x150.jpeg\" class=\"attachment-thumbnail size-thumbnail\" alt=\"\" decoding=\"async\" loading=\"lazy\" \/><\/a>\n\t\t\t<\/dt><\/dl><br style=\"clear: both\" \/>\n\t\t<\/div>\n\n","protected":false},"excerpt":{"rendered":"<p>Voil\u00e0 les photos prises pendant nos actions de soutien scolaire \u00e0 un camp de Roumains pr\u00e9sents sur le plateau de Saclay depuis l&rsquo;ann\u00e9e scolaire 2019-2020.<\/p>\n","protected":false},"author":20,"featured_media":0,"parent":13,"menu_order":0,"comment_status":"closed","ping_status":"open","template":"","meta":[],"_links":{"self":[{"href":"https:\/\/sono.crans.org\/index.php?rest_route=\/wp\/v2\/pages\/899"}],"collection":[{"href":"https:\/\/sono.crans.org\/index.php?rest_route=\/wp\/v2\/pages"}],"about":[{"href":"https:\/\/sono.crans.org\/index.php?rest_route=\/wp\/v2\/types\/page"}],"author":[{"embeddable":true,"href":"https:\/\/sono.crans.org\/index.php?rest_route=\/wp\/v2\/users\/20"}],"replies":[{"embeddable":true,"href":"https:\/\/sono.crans.org\/index.php?rest_route=%2Fwp%2Fv2%2Fcomments&post=899"}],"version-history":[{"count":5,"href":"https:\/\/sono.crans.org\/index.php?rest_route=\/wp\/v2\/pages\/899\/revisions"}],"predecessor-version":[{"id":908,"href":"https:\/\/sono.crans.org\/index.php?rest_route=\/wp\/v2\/pages\/899\/revisions\/908"}],"up":[{"embeddable":true,"href":"https:\/\/sono.crans.org\/index.php?rest_route=\/wp\/v2\/pages\/13"}],"wp:attachment":[{"href":"https:\/\/sono.crans.org\/index.php?rest_route=%2Fwp%2Fv2%2Fmedia&parent=899"}],"curies":[{"name":"wp","href":"https:\/\/api.w.org\/{rel}","templated":true}]}}