{"id":84,"date":"2012-09-21T22:30:55","date_gmt":"2012-09-21T20:30:55","guid":{"rendered":"http:\/\/sono.crans.org\/?page_id=84"},"modified":"2012-10-30T12:39:34","modified_gmt":"2012-10-30T10:39:34","slug":"photos-potager","status":"publish","type":"page","link":"https:\/\/sono.crans.org\/?page_id=84","title":{"rendered":"Photos Potager"},"content":{"rendered":"<p>Le potager du Campus.<\/p>\n<p>[nggallery id=2]<\/p>\n<p>Encore mieux que les photos, passez fl\u00e2ner entre les rang\u00e9es de l\u00e9gumes !<\/p>\n","protected":false},"excerpt":{"rendered":"<p>Le potager du Campus. [nggallery id=2] Encore mieux que les photos, passez fl\u00e2ner entre les rang\u00e9es de l\u00e9gumes !<\/p>\n","protected":false},"author":22,"featured_media":0,"parent":13,"menu_order":0,"comment_status":"closed","ping_status":"closed","template":"","meta":[],"_links":{"self":[{"href":"https:\/\/sono.crans.org\/index.php?rest_route=\/wp\/v2\/pages\/84"}],"collection":[{"href":"https:\/\/sono.crans.org\/index.php?rest_route=\/wp\/v2\/pages"}],"about":[{"href":"https:\/\/sono.crans.org\/index.php?rest_route=\/wp\/v2\/types\/page"}],"author":[{"embeddable":true,"href":"https:\/\/sono.crans.org\/index.php?rest_route=\/wp\/v2\/users\/22"}],"replies":[{"embeddable":true,"href":"https:\/\/sono.crans.org\/index.php?rest_route=%2Fwp%2Fv2%2Fcomments&post=84"}],"version-history":[{"count":5,"href":"https:\/\/sono.crans.org\/index.php?rest_route=\/wp\/v2\/pages\/84\/revisions"}],"predecessor-version":[{"id":137,"href":"https:\/\/sono.crans.org\/index.php?rest_route=\/wp\/v2\/pages\/84\/revisions\/137"}],"up":[{"embeddable":true,"href":"https:\/\/sono.crans.org\/index.php?rest_route=\/wp\/v2\/pages\/13"}],"wp:attachment":[{"href":"https:\/\/sono.crans.org\/index.php?rest_route=%2Fwp%2Fv2%2Fmedia&parent=84"}],"curies":[{"name":"wp","href":"https:\/\/api.w.org\/{rel}","templated":true}]}}