{"id":771,"date":"2021-02-17T23:33:18","date_gmt":"2021-02-17T21:33:18","guid":{"rendered":"http:\/\/sono.crans.org\/?page_id=771"},"modified":"2022-03-21T20:27:18","modified_gmt":"2022-03-21T18:27:18","slug":"adhesion","status":"publish","type":"page","link":"https:\/\/sono.crans.org\/?page_id=771","title":{"rendered":"Adh\u00e9sion"},"content":{"rendered":"<p>Pour adh\u00e9rer \u00e0 la Solidarit\u00e9 Normalienne, remplissez le bulletin ci-dessous (juste la partie du haut, la partie du bas c&rsquo;est votre cher prez qui s&rsquo;en charge), et retournez-le par mail \u00e0 l&rsquo;adresse <A HREF=\"mailto:solidaritenormalienne@gmail.com\">solidaritenormalienne@gmail.com<\/A><\/p>\n<p><a href=\"http:\/\/sono.crans.org\/wp-content\/uploads\/2021\/02\/Bulletin-dadh\u00e9sion1.pdf\">Bulletin d&rsquo;adh\u00e9sion<\/a><\/p>\n","protected":false},"excerpt":{"rendered":"<p>Pour adh\u00e9rer \u00e0 la Solidarit\u00e9 Normalienne, remplissez le bulletin ci-dessous (juste la partie du haut, la partie du bas c&rsquo;est votre cher prez qui s&rsquo;en charge), et retournez-le par mail \u00e0 l&rsquo;adresse solidaritenormalienne@gmail.com Bulletin d&rsquo;adh\u00e9sion<\/p>\n","protected":false},"author":20,"featured_media":0,"parent":4,"menu_order":3,"comment_status":"closed","ping_status":"open","template":"","meta":[],"_links":{"self":[{"href":"https:\/\/sono.crans.org\/index.php?rest_route=\/wp\/v2\/pages\/771"}],"collection":[{"href":"https:\/\/sono.crans.org\/index.php?rest_route=\/wp\/v2\/pages"}],"about":[{"href":"https:\/\/sono.crans.org\/index.php?rest_route=\/wp\/v2\/types\/page"}],"author":[{"embeddable":true,"href":"https:\/\/sono.crans.org\/index.php?rest_route=\/wp\/v2\/users\/20"}],"replies":[{"embeddable":true,"href":"https:\/\/sono.crans.org\/index.php?rest_route=%2Fwp%2Fv2%2Fcomments&post=771"}],"version-history":[{"count":5,"href":"https:\/\/sono.crans.org\/index.php?rest_route=\/wp\/v2\/pages\/771\/revisions"}],"predecessor-version":[{"id":882,"href":"https:\/\/sono.crans.org\/index.php?rest_route=\/wp\/v2\/pages\/771\/revisions\/882"}],"up":[{"embeddable":true,"href":"https:\/\/sono.crans.org\/index.php?rest_route=\/wp\/v2\/pages\/4"}],"wp:attachment":[{"href":"https:\/\/sono.crans.org\/index.php?rest_route=%2Fwp%2Fv2%2Fmedia&parent=771"}],"curies":[{"name":"wp","href":"https:\/\/api.w.org\/{rel}","templated":true}]}}