{"id":751,"date":"2021-02-17T23:11:11","date_gmt":"2021-02-17T21:11:11","guid":{"rendered":"http:\/\/sono.crans.org\/?page_id=751"},"modified":"2022-09-05T11:36:09","modified_gmt":"2022-09-05T09:36:09","slug":"accueil","status":"publish","type":"page","link":"https:\/\/sono.crans.org\/","title":{"rendered":"Solidarit\u00e9 Normalienne"},"content":{"rendered":"<p>La Solidarit\u00e9 Normalienne (ou SoNo) est une association de loi 1901, cr\u00e9\u00e9e en 1990 par des \u00e9tudiants de l&rsquo;ENS Paris-Saclay, qui m\u00e8ne des <strong>actions de solidarit\u00e9 locales.<\/strong><\/p>\n<p>Les actions de la SoNo se d\u00e9compose en trois types :<\/p>\n<ul>\n<li>Des\u00a0<strong>maraudes<\/strong>\u00a0:\u00a0nous participons \u00e0 l&rsquo;op\u00e9ration Sakado, nous collectons des sacs \u00e0 dos remplis de cadeaux de No\u00ebl, puis les distribuons lors de maraudes de la Croix Rouge. Nous organisons aussi des maraudes entre \u00e9tudiants.<\/li>\n<li>Du\u00a0<strong>tutorat<\/strong>\u00a0:\u00a0nous proposons des cours de tutorat gratuits de Fran\u00e7ais Langue Etrang\u00e8re \u00e0 des migrants, et des cours plus g\u00e9n\u00e9raux \u00e0 des coll\u00e9giens et lyc\u00e9ens en situation de handicap en partenariat avec la F\u00e9d\u00e9eh.<\/li>\n<li>Des\u00a0<strong>collectes<\/strong>\u00a0:\u00a0nous organisons des collectes pour la banque alimentaire, des collectes de sang pour l&rsquo;EFS, et nous participons au challenge de micro-cr\u00e9dits The Rise pour soutenir des entrepreneurs dans des pays en difficult\u00e9 \u00e9conomique.<\/li>\n<\/ul>\n<p><span style=\"font-weight: 300;\">La SoNo est \u00e9galement tr\u00e8s int\u00e9gr\u00e9e sur le <strong>plateau de Saclay<\/strong>, et collabore avec les autres associations solidaires de ce cluster technologique.<\/span><\/p>\n<p>Retrouvez les derni\u00e8res actualit\u00e9s de la Solidarit\u00e9 Normalienne <a href=\"http:\/\/sono.crans.org\/?page_id=757\">ici<\/a> !<\/p>\n<p><a href=\"http:\/\/sono.crans.org\/wp-content\/uploads\/2021\/02\/118950784_356805039039981_4220494677735736903_n.jpg\"><img decoding=\"async\" loading=\"lazy\" class=\"aligncenter size-full wp-image-764\" title=\"118950784_356805039039981_4220494677735736903_n\" src=\"http:\/\/sono.crans.org\/wp-content\/uploads\/2021\/02\/118950784_356805039039981_4220494677735736903_n.jpg\" alt=\"\" width=\"3092\" height=\"2048\" srcset=\"https:\/\/sono.crans.org\/wp-content\/uploads\/2021\/02\/118950784_356805039039981_4220494677735736903_n.jpg 3092w, https:\/\/sono.crans.org\/wp-content\/uploads\/2021\/02\/118950784_356805039039981_4220494677735736903_n-300x198.jpg 300w, https:\/\/sono.crans.org\/wp-content\/uploads\/2021\/02\/118950784_356805039039981_4220494677735736903_n-1024x678.jpg 1024w, https:\/\/sono.crans.org\/wp-content\/uploads\/2021\/02\/118950784_356805039039981_4220494677735736903_n-452x300.jpg 452w\" sizes=\"(max-width: 3092px) 100vw, 3092px\" \/><\/a><\/p>\n<p><a href=\"http:\/\/sono.crans.org\/wp-content\/uploads\/2021\/02\/Flyer-SoNo.jpg\"><br \/>\n<\/a><\/p>\n<div><\/div>\n","protected":false},"excerpt":{"rendered":"<p>La Solidarit\u00e9 Normalienne (ou SoNo) est une association de loi 1901, cr\u00e9\u00e9e en 1990 par des \u00e9tudiants de l&rsquo;ENS Paris-Saclay, qui m\u00e8ne des actions de solidarit\u00e9 locales. Les actions de la SoNo se d\u00e9compose en trois types : Des\u00a0maraudes\u00a0:\u00a0nous participons &hellip; <a href=\"https:\/\/sono.crans.org\/\">Lire la suite <span class=\"meta-nav\">&rarr;<\/span><\/a><\/p>\n","protected":false},"author":20,"featured_media":0,"parent":0,"menu_order":0,"comment_status":"closed","ping_status":"open","template":"","meta":[],"_links":{"self":[{"href":"https:\/\/sono.crans.org\/index.php?rest_route=\/wp\/v2\/pages\/751"}],"collection":[{"href":"https:\/\/sono.crans.org\/index.php?rest_route=\/wp\/v2\/pages"}],"about":[{"href":"https:\/\/sono.crans.org\/index.php?rest_route=\/wp\/v2\/types\/page"}],"author":[{"embeddable":true,"href":"https:\/\/sono.crans.org\/index.php?rest_route=\/wp\/v2\/users\/20"}],"replies":[{"embeddable":true,"href":"https:\/\/sono.crans.org\/index.php?rest_route=%2Fwp%2Fv2%2Fcomments&post=751"}],"version-history":[{"count":9,"href":"https:\/\/sono.crans.org\/index.php?rest_route=\/wp\/v2\/pages\/751\/revisions"}],"predecessor-version":[{"id":917,"href":"https:\/\/sono.crans.org\/index.php?rest_route=\/wp\/v2\/pages\/751\/revisions\/917"}],"wp:attachment":[{"href":"https:\/\/sono.crans.org\/index.php?rest_route=%2Fwp%2Fv2%2Fmedia&parent=751"}],"curies":[{"name":"wp","href":"https:\/\/api.w.org\/{rel}","templated":true}]}}