{"id":659,"date":"2020-03-08T18:39:18","date_gmt":"2020-03-08T16:39:18","guid":{"rendered":"http:\/\/sono.crans.org\/?page_id=659"},"modified":"2021-02-18T12:38:30","modified_gmt":"2021-02-18T10:38:30","slug":"phratries","status":"publish","type":"page","link":"https:\/\/sono.crans.org\/?page_id=659","title":{"rendered":"PHRATRIES"},"content":{"rendered":"<div title=\"Page 1\">\n<div>\n<div>\n<p style=\"text-align: justify;\">Le programme de tutorat PHRATRIES organis\u00e9 par l\u2019association <a title=\"FEDEEH\" href=\"http:\/\/fedeeh.org\/\">FEDEEH<\/a> a pour objectif de proposer \u00e0 des \u00e9l\u00e8ves de lyc\u00e9e en situation de handicap des s\u00e9ances de tutorat qui leur permettent de d\u00e9velopper des comp\u00e9tences qu\u2019on n\u2019apprend pas n\u00e9cessairement en milieu scolaire :<\/p>\n<ul>\n<li>Prise de parole<\/li>\n<li>Esprit critique<\/li>\n<li>etc&#8230;<\/li>\n<\/ul>\n<p style=\"text-align: justify;\">Ces s\u00e9ances de tutorat sont donn\u00e9es par des \u00e9l\u00e8ves de grandes \u00e9coles et vise un public d\u2019 \u00e9l\u00e8ves qui se dirige rapidement vers le milieu professionnel, \u00e0 l\u2019inverse d\u2019un autre programme appel\u00e9 <a title=\"PHARES\" href=\" http:\/\/sono.crans.org\/?page_id=661\">PHARES<\/a>. Le tutorat donne une autre vision de l\u2019\u00e9ducation, moins acad\u00e9mique. Elles permettent aussi d\u2019offrir des cours `a un public qui est souvent nouveau pour beaucoup et donc de briser quelques clich\u00e9s sur le handicap.<\/p>\n<p style=\"text-align: justify;\">Si vous souhaitez participer au projet PHRATRIES, n&rsquo;h\u00e9sitez pas \u00e0 nous <a title=\"Contact\" href=\"http:\/\/sono.crans.org\/?page_id=100\">contacter<\/a> !<\/p>\n<p style=\"text-align: justify;\"><a href=\"http:\/\/sono.crans.org\/wp-content\/uploads\/2020\/03\/Phratries.png\"><img decoding=\"async\" loading=\"lazy\" class=\"aligncenter size-full wp-image-813\" title=\"Phratries\" src=\"http:\/\/sono.crans.org\/wp-content\/uploads\/2020\/03\/Phratries.png\" alt=\"\" width=\"436\" height=\"616\" srcset=\"https:\/\/sono.crans.org\/wp-content\/uploads\/2020\/03\/Phratries.png 436w, https:\/\/sono.crans.org\/wp-content\/uploads\/2020\/03\/Phratries-212x300.png 212w\" sizes=\"(max-width: 436px) 100vw, 436px\" \/><\/a><\/p>\n<p style=\"text-align: justify;\"><em>Respo PHRATRIES : Tanguy Lions<\/em><\/p>\n<\/div>\n<\/div>\n<\/div>\n","protected":false},"excerpt":{"rendered":"<p>Le programme de tutorat PHRATRIES organis\u00e9 par l\u2019association FEDEEH a pour objectif de proposer \u00e0 des \u00e9l\u00e8ves de lyc\u00e9e en situation de handicap des s\u00e9ances de tutorat qui leur permettent de d\u00e9velopper des comp\u00e9tences qu\u2019on n\u2019apprend pas n\u00e9cessairement en milieu &hellip; <a href=\"https:\/\/sono.crans.org\/?page_id=659\">Lire la suite <span class=\"meta-nav\">&rarr;<\/span><\/a><\/p>\n","protected":false},"author":22,"featured_media":0,"parent":21,"menu_order":7,"comment_status":"closed","ping_status":"open","template":"","meta":[],"_links":{"self":[{"href":"https:\/\/sono.crans.org\/index.php?rest_route=\/wp\/v2\/pages\/659"}],"collection":[{"href":"https:\/\/sono.crans.org\/index.php?rest_route=\/wp\/v2\/pages"}],"about":[{"href":"https:\/\/sono.crans.org\/index.php?rest_route=\/wp\/v2\/types\/page"}],"author":[{"embeddable":true,"href":"https:\/\/sono.crans.org\/index.php?rest_route=\/wp\/v2\/users\/22"}],"replies":[{"embeddable":true,"href":"https:\/\/sono.crans.org\/index.php?rest_route=%2Fwp%2Fv2%2Fcomments&post=659"}],"version-history":[{"count":7,"href":"https:\/\/sono.crans.org\/index.php?rest_route=\/wp\/v2\/pages\/659\/revisions"}],"predecessor-version":[{"id":844,"href":"https:\/\/sono.crans.org\/index.php?rest_route=\/wp\/v2\/pages\/659\/revisions\/844"}],"up":[{"embeddable":true,"href":"https:\/\/sono.crans.org\/index.php?rest_route=\/wp\/v2\/pages\/21"}],"wp:attachment":[{"href":"https:\/\/sono.crans.org\/index.php?rest_route=%2Fwp%2Fv2%2Fmedia&parent=659"}],"curies":[{"name":"wp","href":"https:\/\/api.w.org\/{rel}","templated":true}]}}