{"id":649,"date":"2020-03-08T17:35:17","date_gmt":"2020-03-08T15:35:17","guid":{"rendered":"http:\/\/sono.crans.org\/?page_id=649"},"modified":"2021-02-27T16:08:52","modified_gmt":"2021-02-27T14:08:52","slug":"maraudes","status":"publish","type":"page","link":"https:\/\/sono.crans.org\/?page_id=649","title":{"rendered":"Maraudes"},"content":{"rendered":"<p>Une fois par mois, la SoNo se joint \u00e0 la C4 (aum\u00f4nerie de l&rsquo;ENS) pour organiser des maraudes \u00e0 Massy. Depuis f\u00e9vrier 2021, ces maraudes ont lieu en partenariat avec le Secours Catholique de l&rsquo;Essonne. Par petits groupes, nous partons \u00e0 la rencontre des sans-abris. Nous leur proposons une boisson chaude, ainsi qu\u2019un peu de r\u00e9confort et de chaleur humaine, pour une exp\u00e9rience humaine bouleversante.<\/p>\n<p>Tous les volontaires sont bienvenus ! N&rsquo;h\u00e9sitez pas \u00e0 nous <a title=\"Contact\" href=\"http:\/\/sono.crans.org\/?page_id=100\">contacter<\/a> et nous rejoindre !<\/p>\n<p><a href=\"http:\/\/sono.crans.org\/wp-content\/uploads\/2020\/03\/maraude.jpg\"><img decoding=\"async\" loading=\"lazy\" class=\"aligncenter size-medium wp-image-650\" title=\"maraude\" src=\"http:\/\/sono.crans.org\/wp-content\/uploads\/2020\/03\/maraude-300x199.jpg\" alt=\"\" width=\"300\" height=\"199\" srcset=\"https:\/\/sono.crans.org\/wp-content\/uploads\/2020\/03\/maraude-300x199.jpg 300w, https:\/\/sono.crans.org\/wp-content\/uploads\/2020\/03\/maraude-450x300.jpg 450w, https:\/\/sono.crans.org\/wp-content\/uploads\/2020\/03\/maraude.jpg 854w\" sizes=\"(max-width: 300px) 100vw, 300px\" \/><\/a><\/p>\n<p><em style=\"font-weight: 300;\">Respos Maraudes : Romain Granier et Marc Vacher<\/em><\/p>\n","protected":false},"excerpt":{"rendered":"<p>Une fois par mois, la SoNo se joint \u00e0 la C4 (aum\u00f4nerie de l&rsquo;ENS) pour organiser des maraudes \u00e0 Massy. Depuis f\u00e9vrier 2021, ces maraudes ont lieu en partenariat avec le Secours Catholique de l&rsquo;Essonne. Par petits groupes, nous partons &hellip; <a href=\"https:\/\/sono.crans.org\/?page_id=649\">Lire la suite <span class=\"meta-nav\">&rarr;<\/span><\/a><\/p>\n","protected":false},"author":22,"featured_media":0,"parent":21,"menu_order":5,"comment_status":"closed","ping_status":"open","template":"","meta":[],"_links":{"self":[{"href":"https:\/\/sono.crans.org\/index.php?rest_route=\/wp\/v2\/pages\/649"}],"collection":[{"href":"https:\/\/sono.crans.org\/index.php?rest_route=\/wp\/v2\/pages"}],"about":[{"href":"https:\/\/sono.crans.org\/index.php?rest_route=\/wp\/v2\/types\/page"}],"author":[{"embeddable":true,"href":"https:\/\/sono.crans.org\/index.php?rest_route=\/wp\/v2\/users\/22"}],"replies":[{"embeddable":true,"href":"https:\/\/sono.crans.org\/index.php?rest_route=%2Fwp%2Fv2%2Fcomments&post=649"}],"version-history":[{"count":9,"href":"https:\/\/sono.crans.org\/index.php?rest_route=\/wp\/v2\/pages\/649\/revisions"}],"predecessor-version":[{"id":865,"href":"https:\/\/sono.crans.org\/index.php?rest_route=\/wp\/v2\/pages\/649\/revisions\/865"}],"up":[{"embeddable":true,"href":"https:\/\/sono.crans.org\/index.php?rest_route=\/wp\/v2\/pages\/21"}],"wp:attachment":[{"href":"https:\/\/sono.crans.org\/index.php?rest_route=%2Fwp%2Fv2%2Fmedia&parent=649"}],"curies":[{"name":"wp","href":"https:\/\/api.w.org\/{rel}","templated":true}]}}