{"id":592,"date":"2020-03-07T12:45:01","date_gmt":"2020-03-07T10:45:01","guid":{"rendered":"http:\/\/sono.crans.org\/?page_id=592"},"modified":"2021-02-18T12:38:17","modified_gmt":"2021-02-18T10:38:17","slug":"cours-de-fle","status":"publish","type":"page","link":"https:\/\/sono.crans.org\/?page_id=592","title":{"rendered":"Cours de FLE"},"content":{"rendered":"<p style=\"text-align: justify;\">Cr\u00e9\u00e9s en 2016, les cours de FLE (Fran\u00e7ais Langue \u00c9trang\u00e8re) permettent \u00e0 des migrants d&rsquo;apprendre le fran\u00e7ais. Plusieurs jours par semaine, des \u00e9tudiants b\u00e9n\u00e9voles accueillent des \u00e9l\u00e8ves venus de Syrie, du Mali, du Soudan, etc. et r\u00e9fugi\u00e9s en France. Les cours sont personnalis\u00e9s selon les besoins de chaque \u00e9l\u00e8ve et ouverts \u00e0 tous. Pour ceux qui le souhaitent, une pr\u00e9paration au DELF (Dipl\u00f4me d\u2019\u00c9tudes en Langue Fran\u00e7aise) peut \u00eatre organis\u00e9e.<\/p>\n<p style=\"text-align: justify;\">Que vous vouliez suivre les cours ou rejoindre les professeurs b\u00e9n\u00e9voles, vous \u00eates tous les bienvenus ! Depuis octobre 2020, ces cours ont lieu en ligne, en attendant de pouvoir les tenir en pr\u00e9sentiel \u00e0 nouveau.<\/p>\n<p>N&rsquo;h\u00e9sitez pas \u00e0 nous contacter si vous souhaitez nous rejoindre ou obtenir des informations :<em>\u00a0\u00a0\u00a0<span style=\"color: #333333;\">\u00a0\u00a0\u00a0 fle.sono@gmail.com<\/span><\/em><\/p>\n<p><a href=\"http:\/\/sono.crans.org\/wp-content\/uploads\/2020\/03\/118950784_356805039039981_4220494677735736903_n.jpg\"><img decoding=\"async\" loading=\"lazy\" class=\"aligncenter size-full wp-image-792\" title=\"118950784_356805039039981_4220494677735736903_n\" src=\"http:\/\/sono.crans.org\/wp-content\/uploads\/2020\/03\/118950784_356805039039981_4220494677735736903_n.jpg\" alt=\"\" width=\"3092\" height=\"2048\" srcset=\"https:\/\/sono.crans.org\/wp-content\/uploads\/2020\/03\/118950784_356805039039981_4220494677735736903_n.jpg 3092w, https:\/\/sono.crans.org\/wp-content\/uploads\/2020\/03\/118950784_356805039039981_4220494677735736903_n-300x198.jpg 300w, https:\/\/sono.crans.org\/wp-content\/uploads\/2020\/03\/118950784_356805039039981_4220494677735736903_n-1024x678.jpg 1024w, https:\/\/sono.crans.org\/wp-content\/uploads\/2020\/03\/118950784_356805039039981_4220494677735736903_n-452x300.jpg 452w\" sizes=\"(max-width: 3092px) 100vw, 3092px\" \/><\/a><\/p>\n<p><em>Responsable FLE : Alex Amiotte-Suchet, Jules Romagnan, Victor Chareyron<\/em><\/p>\n","protected":false},"excerpt":{"rendered":"<p>Cr\u00e9\u00e9s en 2016, les cours de FLE (Fran\u00e7ais Langue \u00c9trang\u00e8re) permettent \u00e0 des migrants d&rsquo;apprendre le fran\u00e7ais. Plusieurs jours par semaine, des \u00e9tudiants b\u00e9n\u00e9voles accueillent des \u00e9l\u00e8ves venus de Syrie, du Mali, du Soudan, etc. et r\u00e9fugi\u00e9s en France. Les &hellip; <a href=\"https:\/\/sono.crans.org\/?page_id=592\">Lire la suite <span class=\"meta-nav\">&rarr;<\/span><\/a><\/p>\n","protected":false},"author":22,"featured_media":0,"parent":21,"menu_order":6,"comment_status":"closed","ping_status":"closed","template":"","meta":[],"_links":{"self":[{"href":"https:\/\/sono.crans.org\/index.php?rest_route=\/wp\/v2\/pages\/592"}],"collection":[{"href":"https:\/\/sono.crans.org\/index.php?rest_route=\/wp\/v2\/pages"}],"about":[{"href":"https:\/\/sono.crans.org\/index.php?rest_route=\/wp\/v2\/types\/page"}],"author":[{"embeddable":true,"href":"https:\/\/sono.crans.org\/index.php?rest_route=\/wp\/v2\/users\/22"}],"replies":[{"embeddable":true,"href":"https:\/\/sono.crans.org\/index.php?rest_route=%2Fwp%2Fv2%2Fcomments&post=592"}],"version-history":[{"count":24,"href":"https:\/\/sono.crans.org\/index.php?rest_route=\/wp\/v2\/pages\/592\/revisions"}],"predecessor-version":[{"id":843,"href":"https:\/\/sono.crans.org\/index.php?rest_route=\/wp\/v2\/pages\/592\/revisions\/843"}],"up":[{"embeddable":true,"href":"https:\/\/sono.crans.org\/index.php?rest_route=\/wp\/v2\/pages\/21"}],"wp:attachment":[{"href":"https:\/\/sono.crans.org\/index.php?rest_route=%2Fwp%2Fv2%2Fmedia&parent=592"}],"curies":[{"name":"wp","href":"https:\/\/api.w.org\/{rel}","templated":true}]}}