{"id":580,"date":"2020-02-26T18:36:26","date_gmt":"2020-02-26T16:36:26","guid":{"rendered":"http:\/\/sono.crans.org\/?page_id=580"},"modified":"2021-02-17T23:19:14","modified_gmt":"2021-02-17T21:19:14","slug":"anciens","status":"publish","type":"page","link":"https:\/\/sono.crans.org\/?page_id=580","title":{"rendered":"Archives"},"content":{"rendered":"<p>La SoNo existe depuis maintenant 30 ans : chaque ann\u00e9e, de nouveaux projets sont lanc\u00e9s, certains disparaissent et d&rsquo;autres sont poursuivis.<\/p>\n<p>Vous trouverez ici quelques anciens projets men\u00e9s par la SoNo :<\/p>\n<ul>\n<li><a title=\"Potager\" href=\"http:\/\/sono.crans.org\/?page_id=17\">SoNo Potager<\/a><\/li>\n<li><a title=\"Praccis\" href=\"http:\/\/sono.crans.org\/?page_id=19\">SoNo Praccis<\/a><\/li>\n<li><a title=\"SoNo S\u00e9n\u00e9gal\" href=\"http:\/\/sono.crans.org\/?page_id=127\">SoNo S\u00e9n\u00e9gal<\/a><\/li>\n<\/ul>\n<p>&nbsp;<\/p>\n","protected":false},"excerpt":{"rendered":"<p>La SoNo existe depuis maintenant 30 ans : chaque ann\u00e9e, de nouveaux projets sont lanc\u00e9s, certains disparaissent et d&rsquo;autres sont poursuivis. Vous trouverez ici quelques anciens projets men\u00e9s par la SoNo : SoNo Potager SoNo Praccis SoNo S\u00e9n\u00e9gal &nbsp;<\/p>\n","protected":false},"author":22,"featured_media":0,"parent":0,"menu_order":5,"comment_status":"closed","ping_status":"closed","template":"","meta":[],"_links":{"self":[{"href":"https:\/\/sono.crans.org\/index.php?rest_route=\/wp\/v2\/pages\/580"}],"collection":[{"href":"https:\/\/sono.crans.org\/index.php?rest_route=\/wp\/v2\/pages"}],"about":[{"href":"https:\/\/sono.crans.org\/index.php?rest_route=\/wp\/v2\/types\/page"}],"author":[{"embeddable":true,"href":"https:\/\/sono.crans.org\/index.php?rest_route=\/wp\/v2\/users\/22"}],"replies":[{"embeddable":true,"href":"https:\/\/sono.crans.org\/index.php?rest_route=%2Fwp%2Fv2%2Fcomments&post=580"}],"version-history":[{"count":7,"href":"https:\/\/sono.crans.org\/index.php?rest_route=\/wp\/v2\/pages\/580\/revisions"}],"predecessor-version":[{"id":761,"href":"https:\/\/sono.crans.org\/index.php?rest_route=\/wp\/v2\/pages\/580\/revisions\/761"}],"wp:attachment":[{"href":"https:\/\/sono.crans.org\/index.php?rest_route=%2Fwp%2Fv2%2Fmedia&parent=580"}],"curies":[{"name":"wp","href":"https:\/\/api.w.org\/{rel}","templated":true}]}}