{"id":224,"date":"2012-12-09T11:57:08","date_gmt":"2012-12-09T09:57:08","guid":{"rendered":"http:\/\/sono.crans.org\/?page_id=224"},"modified":"2021-02-18T12:40:23","modified_gmt":"2021-02-18T10:40:23","slug":"amap-2","status":"publish","type":"page","link":"https:\/\/sono.crans.org\/?page_id=224","title":{"rendered":"Normale Soup&rsquo; (AMAP)"},"content":{"rendered":"<p style=\"text-align: justify;\">Normale Soup&rsquo; est l&rsquo;AMAP (Association pour le Maintien d&rsquo;une Agriculture Paysanne) du campus. Initialement rattach\u00e9e \u00e0 la SoNo, victime de son succ\u00e8s, elle a pris son ind\u00e9pendance il y a quelques ann\u00e9es.<\/p>\n<p style=\"text-align: justify;\">Une AMAP est un partenariat entre un groupe de consommateurs et une exploitation mara\u00eech\u00e8re locale : moyennant un engagement financier des consommateurs, le producteur mara\u00eecher s&rsquo;engage \u00e0 leur fournir r\u00e9guli\u00e8rement un panier de ses produits. En privil\u00e9giant les produits locaux et la vente directe, les AMAP agissent en faveur d&rsquo;une agriculture durable.<\/p>\n<p>Quelques informations pratiques :<\/p>\n<ul>\n<li style=\"text-align: justify;\">Les distributions de paniers de l\u00e9gumes ont lieu chaque jeudi de 18h30 \u00e0 19h30 sur le campus de Cachan, au Pavillon des Jardins (1\u00e8re porte sur la droite en entrant)<\/li>\n<\/ul>\n<div>\n<ul>\n<li style=\"text-align: justify;\">Contrairement \u00e0 une AMAP \u00ab\u00a0traditionnelle\u00a0\u00bb, il n&rsquo;y a aucune obligation de commande ni aucun abonnement : c&rsquo;est vous qui d\u00e9cidez de commander ou non pour chaque semaine de livraison.<\/li>\n<\/ul>\n<\/div>\n<ul>\n<li>Pour commander vos paniers : <a title=\"AMAP\" href=\"https:\/\/amap.crans.org\/\">https:\/\/amap.crans.org\/ <\/a><\/li>\n<\/ul>\n<div>\n<ul>\n<li>Les prix des paniers : 20\u20ac le panier entier, 10\u20ac le 1\/2 panier et 5\u20ac le 1\/4 de panier.<\/li>\n<\/ul>\n<div>\n<ul>\n<li style=\"text-align: justify;\">La composition des paniers varie d&rsquo;une semaine sur l&rsquo;autre, mais ils viennent toujours de\u00a0 l&rsquo;EARL Meunier Mara\u00eechers, \u00e0 Mousseaux-l\u00e8s-Bray, en Seine-et-Marne !!!<\/li>\n<\/ul>\n<\/div>\n<\/div>\n<ul>\n<li>Slides\u00a0<a href=\"http:\/\/sono.crans.org\/wp-content\/uploads\/2012\/12\/amap1.pdf\">amap<\/a><\/li>\n<li style=\"text-align: justify;\">Compte-rendu de la r\u00e9union de pr\u00e9sentation du projet du 6 d\u00e9cembre :\u00a0<a href=\"http:\/\/sono.crans.org\/wp-content\/uploads\/2012\/12\/Compte-rendu-r-union-6-d-cembre11.pdf\">\u00a0Compte-rendu reunion 6 decembre<\/a><\/li>\n<li style=\"text-align: justify;\">Une mailing-list\u00a0<a href=\"mailto:amap@lists.crans.org\">amap@lists.crans.org<\/a>\u00a0a \u00e9t\u00e9 cr\u00e9\u00e9e ! Vous pouvez l&rsquo;utiliser pour tout question relative au fonctionnement de l&rsquo;AMAP.<br \/>\nOu bien si vous \u00eates \u00e9l\u00e8ve ou employ\u00e9 de l&rsquo;ENS ou r\u00e9sident du campus, et int\u00e9ress\u00e9 pour \u00eatre consommateur ou \u00eatre tenu au courant de l&rsquo;\u00e9volution du projet, vous pouvez vous y abonner via ce lien :\u00a0<a href=\"https:\/\/lists.crans.org\/listinfo\/amap\" target=\"_blank\">https:\/\/lists.crans.org\/listinfo\/amap<\/a><\/li>\n<li style=\"text-align: justify;\">D&rsquo;autres informations sont aussi disponibles sur cette page :\u00a0<a href=\"https:\/\/wiki.crans.org\/SoNo\/AMAP\">https:\/\/wiki.crans.org\/SoNo\/AMAP<\/a><\/li>\n<\/ul>\n","protected":false},"excerpt":{"rendered":"<p>Normale Soup&rsquo; est l&rsquo;AMAP (Association pour le Maintien d&rsquo;une Agriculture Paysanne) du campus. Initialement rattach\u00e9e \u00e0 la SoNo, victime de son succ\u00e8s, elle a pris son ind\u00e9pendance il y a quelques ann\u00e9es. Une AMAP est un partenariat entre un groupe &hellip; <a href=\"https:\/\/sono.crans.org\/?page_id=224\">Lire la suite <span class=\"meta-nav\">&rarr;<\/span><\/a><\/p>\n","protected":false},"author":22,"featured_media":0,"parent":580,"menu_order":4,"comment_status":"closed","ping_status":"open","template":"","meta":[],"_links":{"self":[{"href":"https:\/\/sono.crans.org\/index.php?rest_route=\/wp\/v2\/pages\/224"}],"collection":[{"href":"https:\/\/sono.crans.org\/index.php?rest_route=\/wp\/v2\/pages"}],"about":[{"href":"https:\/\/sono.crans.org\/index.php?rest_route=\/wp\/v2\/types\/page"}],"author":[{"embeddable":true,"href":"https:\/\/sono.crans.org\/index.php?rest_route=\/wp\/v2\/users\/22"}],"replies":[{"embeddable":true,"href":"https:\/\/sono.crans.org\/index.php?rest_route=%2Fwp%2Fv2%2Fcomments&post=224"}],"version-history":[{"count":27,"href":"https:\/\/sono.crans.org\/index.php?rest_route=\/wp\/v2\/pages\/224\/revisions"}],"predecessor-version":[{"id":849,"href":"https:\/\/sono.crans.org\/index.php?rest_route=\/wp\/v2\/pages\/224\/revisions\/849"}],"up":[{"embeddable":true,"href":"https:\/\/sono.crans.org\/index.php?rest_route=\/wp\/v2\/pages\/580"}],"wp:attachment":[{"href":"https:\/\/sono.crans.org\/index.php?rest_route=%2Fwp%2Fv2%2Fmedia&parent=224"}],"curies":[{"name":"wp","href":"https:\/\/api.w.org\/{rel}","templated":true}]}}