{"id":19,"date":"2012-09-21T20:19:55","date_gmt":"2012-09-21T18:19:55","guid":{"rendered":"http:\/\/sono.crans.org\/?page_id=19"},"modified":"2021-02-18T12:40:44","modified_gmt":"2021-02-18T10:40:44","slug":"praccis","status":"publish","type":"page","link":"https:\/\/sono.crans.org\/?page_id=19","title":{"rendered":"Praccis"},"content":{"rendered":"<p style=\"text-align: justify;\">Praccis (Pour l&rsquo;Acquisition d&rsquo;une Citoyennet\u00e9 Scientifique) est n\u00e9 face au constat d&rsquo;un foss\u00e9 grandissant entre le monde de la science et de ses scientifiques et celui de la soci\u00e9t\u00e9 et de ses citoyens.<\/p>\n<p><a href=\"http:\/\/sono.crans.org\/wp-content\/uploads\/2012\/09\/ClubPraccis.jpg\"><img decoding=\"async\" loading=\"lazy\" class=\"size-full wp-image-160 aligncenter\" title=\"ClubPraccis\" src=\"http:\/\/sono.crans.org\/wp-content\/uploads\/2012\/09\/ClubPraccis.jpg\" alt=\"\" width=\"264\" height=\"448\" srcset=\"https:\/\/sono.crans.org\/wp-content\/uploads\/2012\/09\/ClubPraccis.jpg 264w, https:\/\/sono.crans.org\/wp-content\/uploads\/2012\/09\/ClubPraccis-176x300.jpg 176w\" sizes=\"(max-width: 264px) 100vw, 264px\" \/><\/a><\/p>\n<p style=\"text-align: justify;\">Voici quelques activit\u00e9s men\u00e9es par Praccis :<\/p>\n<ul>\n<li>Organisation d&rsquo;ateliers de vulgarisation scientifique pour les coll\u00e9giens des \u00e9tablissements proches de l&rsquo;ENS.<\/li>\n<li>Mise en place de conf\u00e9rences par des \u00e9l\u00e8ves sur des sujets qui leur tiennent \u00e0 coeur.<\/li>\n<li>Organisation de cin\u00e9-d\u00e9bats.<\/li>\n<\/ul>\n<p style=\"text-align: justify;\">Voir aussi la page web de Praccis sur les pages du cr@ns : <a href=\"https:\/\/wiki.crans.org\/ClubPraccis\/\">https:\/\/wiki.crans.org\/ClubPraccis\/<\/a> ou bien le site d\u00e9di\u00e9 : <a href=\"http:\/\/www.praccis.fr\">http:\/\/www.praccis.fr<\/a><\/p>\n","protected":false},"excerpt":{"rendered":"<p>Praccis (Pour l&rsquo;Acquisition d&rsquo;une Citoyennet\u00e9 Scientifique) est n\u00e9 face au constat d&rsquo;un foss\u00e9 grandissant entre le monde de la science et de ses scientifiques et celui de la soci\u00e9t\u00e9 et de ses citoyens. Voici quelques activit\u00e9s men\u00e9es par Praccis : &hellip; <a href=\"https:\/\/sono.crans.org\/?page_id=19\">Lire la suite <span class=\"meta-nav\">&rarr;<\/span><\/a><\/p>\n","protected":false},"author":22,"featured_media":0,"parent":580,"menu_order":7,"comment_status":"closed","ping_status":"closed","template":"","meta":[],"_links":{"self":[{"href":"https:\/\/sono.crans.org\/index.php?rest_route=\/wp\/v2\/pages\/19"}],"collection":[{"href":"https:\/\/sono.crans.org\/index.php?rest_route=\/wp\/v2\/pages"}],"about":[{"href":"https:\/\/sono.crans.org\/index.php?rest_route=\/wp\/v2\/types\/page"}],"author":[{"embeddable":true,"href":"https:\/\/sono.crans.org\/index.php?rest_route=\/wp\/v2\/users\/22"}],"replies":[{"embeddable":true,"href":"https:\/\/sono.crans.org\/index.php?rest_route=%2Fwp%2Fv2%2Fcomments&post=19"}],"version-history":[{"count":10,"href":"https:\/\/sono.crans.org\/index.php?rest_route=\/wp\/v2\/pages\/19\/revisions"}],"predecessor-version":[{"id":65,"href":"https:\/\/sono.crans.org\/index.php?rest_route=\/wp\/v2\/pages\/19\/revisions\/65"}],"up":[{"embeddable":true,"href":"https:\/\/sono.crans.org\/index.php?rest_route=\/wp\/v2\/pages\/580"}],"wp:attachment":[{"href":"https:\/\/sono.crans.org\/index.php?rest_route=%2Fwp%2Fv2%2Fmedia&parent=19"}],"curies":[{"name":"wp","href":"https:\/\/api.w.org\/{rel}","templated":true}]}}