{"id":182,"date":"2012-10-22T19:24:20","date_gmt":"2012-10-22T17:24:20","guid":{"rendered":"http:\/\/sono.crans.org\/?page_id=182"},"modified":"2022-09-05T11:49:41","modified_gmt":"2022-09-05T09:49:41","slug":"espace-membres","status":"publish","type":"page","link":"https:\/\/sono.crans.org\/?page_id=182","title":{"rendered":"Coordonn\u00e9es"},"content":{"rendered":"<p>Solidarit\u00e9 Normalienne est une association de loi 1901, cr\u00e9\u00e9e en 1990 par des \u00e9l\u00e8ves de l&rsquo;ENS Cachan.<\/p>\n<p><strong>Si\u00e8ge social de l&rsquo;association<\/strong><\/p>\n<p>ENS Paris-Saclay<\/p>\n<p>4, avenue des Sciences<\/p>\n<p>91190 Gif-sur-Yvette<\/p>\n<p><strong>Contacts<\/strong><\/p>\n<p><em>E-mail<\/em> : solidaritenormalienne@gmail.com<\/p>\n<p><em>Facebook<\/em> : @Solidarit\u00e9 Normalienne<\/p>\n<p><em>Instagram :<\/em> solidarite.normalienne<\/p>\n<p><em>Site web<\/em> : http:\/\/sono.crans.org\/<\/p>\n<p><a href=\"http:\/\/sono.crans.org\/wp-content\/uploads\/2012\/10\/Flyer-SoNo.png\"><img decoding=\"async\" loading=\"lazy\" class=\"aligncenter size-full wp-image-874\" title=\"Flyer SoNo\" src=\"http:\/\/sono.crans.org\/wp-content\/uploads\/2012\/10\/Flyer-SoNo.png\" alt=\"\" width=\"1345\" height=\"239\" srcset=\"https:\/\/sono.crans.org\/wp-content\/uploads\/2012\/10\/Flyer-SoNo.png 1345w, https:\/\/sono.crans.org\/wp-content\/uploads\/2012\/10\/Flyer-SoNo-300x53.png 300w, https:\/\/sono.crans.org\/wp-content\/uploads\/2012\/10\/Flyer-SoNo-1024x181.png 1024w, https:\/\/sono.crans.org\/wp-content\/uploads\/2012\/10\/Flyer-SoNo-500x88.png 500w\" sizes=\"(max-width: 1345px) 100vw, 1345px\" \/><\/a><a href=\"http:\/\/sono.crans.org\/wp-content\/uploads\/2012\/10\/Contactez-nous1.jpg\"><br \/>\n<\/a><\/p>\n<p>&nbsp;<\/p>\n","protected":false},"excerpt":{"rendered":"<p>Solidarit\u00e9 Normalienne est une association de loi 1901, cr\u00e9\u00e9e en 1990 par des \u00e9l\u00e8ves de l&rsquo;ENS Cachan. Si\u00e8ge social de l&rsquo;association ENS Paris-Saclay 4, avenue des Sciences 91190 Gif-sur-Yvette Contacts E-mail : solidaritenormalienne@gmail.com Facebook : @Solidarit\u00e9 Normalienne Instagram : solidarite.normalienne &hellip; <a href=\"https:\/\/sono.crans.org\/?page_id=182\">Lire la suite <span class=\"meta-nav\">&rarr;<\/span><\/a><\/p>\n","protected":false},"author":22,"featured_media":0,"parent":4,"menu_order":0,"comment_status":"closed","ping_status":"closed","template":"","meta":[],"_links":{"self":[{"href":"https:\/\/sono.crans.org\/index.php?rest_route=\/wp\/v2\/pages\/182"}],"collection":[{"href":"https:\/\/sono.crans.org\/index.php?rest_route=\/wp\/v2\/pages"}],"about":[{"href":"https:\/\/sono.crans.org\/index.php?rest_route=\/wp\/v2\/types\/page"}],"author":[{"embeddable":true,"href":"https:\/\/sono.crans.org\/index.php?rest_route=\/wp\/v2\/users\/22"}],"replies":[{"embeddable":true,"href":"https:\/\/sono.crans.org\/index.php?rest_route=%2Fwp%2Fv2%2Fcomments&post=182"}],"version-history":[{"count":12,"href":"https:\/\/sono.crans.org\/index.php?rest_route=\/wp\/v2\/pages\/182\/revisions"}],"predecessor-version":[{"id":189,"href":"https:\/\/sono.crans.org\/index.php?rest_route=\/wp\/v2\/pages\/182\/revisions\/189"}],"up":[{"embeddable":true,"href":"https:\/\/sono.crans.org\/index.php?rest_route=\/wp\/v2\/pages\/4"}],"wp:attachment":[{"href":"https:\/\/sono.crans.org\/index.php?rest_route=%2Fwp%2Fv2%2Fmedia&parent=182"}],"curies":[{"name":"wp","href":"https:\/\/api.w.org\/{rel}","templated":true}]}}