{"id":17,"date":"2012-09-21T20:19:49","date_gmt":"2012-09-21T18:19:49","guid":{"rendered":"http:\/\/sono.crans.org\/?page_id=17"},"modified":"2021-02-18T12:40:38","modified_gmt":"2021-02-18T10:40:38","slug":"potager","status":"publish","type":"page","link":"https:\/\/sono.crans.org\/?page_id=17","title":{"rendered":"Potager"},"content":{"rendered":"<p>D\u00e9marr\u00e9 en janvier 2012, le projet Potager consiste en l&rsquo;entretien et au d\u00e9veloppement d&rsquo;un jardin potager d&rsquo;agriculture biologique dans l&rsquo;enceinte du campus. Que tu aies la main verte ou pas, viens nous aider et go\u00fbte aux l\u00e9gumes que tu auras cultiv\u00e9 toi-m\u00eame !<\/p>\n<p><a href=\"http:\/\/sono.crans.org\/wp-content\/uploads\/2012\/09\/DSC05100.jpg\"><img decoding=\"async\" loading=\"lazy\" class=\"size-large wp-image-378\" title=\"Bient\u00f4t les tomates!\" src=\"http:\/\/sono.crans.org\/wp-content\/uploads\/2012\/09\/DSC05100-768x1024.jpg\" alt=\"\" width=\"584\" height=\"778\" srcset=\"https:\/\/sono.crans.org\/wp-content\/uploads\/2012\/09\/DSC05100-768x1024.jpg 768w, https:\/\/sono.crans.org\/wp-content\/uploads\/2012\/09\/DSC05100-225x300.jpg 225w, https:\/\/sono.crans.org\/wp-content\/uploads\/2012\/09\/DSC05100.jpg 1944w\" sizes=\"(max-width: 584px) 100vw, 584px\" \/><\/a><\/p>\n<p style=\"text-align: left;\">Nous publions de plus un journal de nos activit\u00e9s, \u00ab\u00a0l&rsquo;Echo de la Butte\u00a0\u00bb. Tous les num\u00e9ros sont disponibles en t\u00e9l\u00e9chargement ici :<\/p>\n<p style=\"text-align: left;\"><a href=\"http:\/\/sono.crans.org\/wp-content\/uploads\/2013\/01\/%C3%A9cho-de-la-butte-n%C2%B01.pdf\">Echo de la butte n\u00b01<\/a><a href=\"http:\/\/sono.crans.org\/wp-content\/uploads\/2013\/02\/LechoDeLaButten%C2%B02.pdf\"><br \/>\n\u00c9cho de la butte n\u00b02<br \/>\n<\/a><a href=\"http:\/\/sono.crans.org\/wp-content\/uploads\/2013\/10\/Echo-de-la-butte-n3-v-en-ligne.pdf\">Echo de la butte n\u00b03<br \/>\n<\/a><a href=\"http:\/\/sono.crans.org\/wp-content\/uploads\/2014\/05\/Echo-de-la-butte-n4-150dpi.pdf\" target=\"_blank\">Echo de la butte n\u00b04<\/a><\/p>\n<p>Notre potager comporte d\u00e9sormais un <strong>composteur<\/strong>. Si vous souhaitez l\u2019utiliser, vous \u00eates \u00e9videmment les bienvenus! Pour cela nous avons install\u00e9 une poubelle rouge qui se trouve \u00e0 cot\u00e9 de la Kfet. Nous la vidons r\u00e9guli\u00e8rement dans le composteur.<\/p>\n<p style=\"text-align: center;\"><a href=\"http:\/\/sono.crans.org\/wp-content\/uploads\/2012\/09\/Affiche-compost-300dpi.png\"><img decoding=\"async\" loading=\"lazy\" class=\"aligncenter  wp-image-379\" title=\"Affiche compost\" src=\"http:\/\/sono.crans.org\/wp-content\/uploads\/2012\/09\/Affiche-compost-300dpi-1024x723.png\" alt=\"\" width=\"759\" height=\"536\" srcset=\"https:\/\/sono.crans.org\/wp-content\/uploads\/2012\/09\/Affiche-compost-300dpi-1024x723.png 1024w, https:\/\/sono.crans.org\/wp-content\/uploads\/2012\/09\/Affiche-compost-300dpi-300x212.png 300w, https:\/\/sono.crans.org\/wp-content\/uploads\/2012\/09\/Affiche-compost-300dpi-424x300.png 424w\" sizes=\"(max-width: 759px) 100vw, 759px\" \/><\/a><\/p>\n<p>Pour nous contacter, adresse tes mails \u00e0 l&rsquo;adresse : <a href=\"mailto:sono-potager@lists.crans.org\">sono-potager@lists.crans.org<\/a><\/p>\n","protected":false},"excerpt":{"rendered":"<p>D\u00e9marr\u00e9 en janvier 2012, le projet Potager consiste en l&rsquo;entretien et au d\u00e9veloppement d&rsquo;un jardin potager d&rsquo;agriculture biologique dans l&rsquo;enceinte du campus. Que tu aies la main verte ou pas, viens nous aider et go\u00fbte aux l\u00e9gumes que tu auras &hellip; <a href=\"https:\/\/sono.crans.org\/?page_id=17\">Lire la suite <span class=\"meta-nav\">&rarr;<\/span><\/a><\/p>\n","protected":false},"author":22,"featured_media":0,"parent":580,"menu_order":6,"comment_status":"closed","ping_status":"closed","template":"","meta":[],"_links":{"self":[{"href":"https:\/\/sono.crans.org\/index.php?rest_route=\/wp\/v2\/pages\/17"}],"collection":[{"href":"https:\/\/sono.crans.org\/index.php?rest_route=\/wp\/v2\/pages"}],"about":[{"href":"https:\/\/sono.crans.org\/index.php?rest_route=\/wp\/v2\/types\/page"}],"author":[{"embeddable":true,"href":"https:\/\/sono.crans.org\/index.php?rest_route=\/wp\/v2\/users\/22"}],"replies":[{"embeddable":true,"href":"https:\/\/sono.crans.org\/index.php?rest_route=%2Fwp%2Fv2%2Fcomments&post=17"}],"version-history":[{"count":18,"href":"https:\/\/sono.crans.org\/index.php?rest_route=\/wp\/v2\/pages\/17\/revisions"}],"predecessor-version":[{"id":851,"href":"https:\/\/sono.crans.org\/index.php?rest_route=\/wp\/v2\/pages\/17\/revisions\/851"}],"up":[{"embeddable":true,"href":"https:\/\/sono.crans.org\/index.php?rest_route=\/wp\/v2\/pages\/580"}],"wp:attachment":[{"href":"https:\/\/sono.crans.org\/index.php?rest_route=%2Fwp%2Fv2%2Fmedia&parent=17"}],"curies":[{"name":"wp","href":"https:\/\/api.w.org\/{rel}","templated":true}]}}