{"id":138,"date":"2012-09-30T16:17:01","date_gmt":"2012-09-30T14:17:01","guid":{"rendered":"http:\/\/sono.crans.org\/?page_id=138"},"modified":"2022-09-05T11:37:08","modified_gmt":"2022-09-05T09:37:08","slug":"photos-senegal","status":"publish","type":"page","link":"https:\/\/sono.crans.org\/?page_id=138","title":{"rendered":"Photos S\u00e9n\u00e9gal"},"content":{"rendered":"<p>Ci-dessous, quelques photos prises lors des missions au S\u00e9n\u00e9gal de 2010 et 2013.<\/p>\n<p>[nggallery id=4]<\/p>\n<p>&nbsp;<\/p>\n","protected":false},"excerpt":{"rendered":"<p>Ci-dessous, quelques photos prises lors des missions au S\u00e9n\u00e9gal de 2010 et 2013. [nggallery id=4] &nbsp;<\/p>\n","protected":false},"author":22,"featured_media":0,"parent":13,"menu_order":0,"comment_status":"closed","ping_status":"closed","template":"","meta":[],"_links":{"self":[{"href":"https:\/\/sono.crans.org\/index.php?rest_route=\/wp\/v2\/pages\/138"}],"collection":[{"href":"https:\/\/sono.crans.org\/index.php?rest_route=\/wp\/v2\/pages"}],"about":[{"href":"https:\/\/sono.crans.org\/index.php?rest_route=\/wp\/v2\/types\/page"}],"author":[{"embeddable":true,"href":"https:\/\/sono.crans.org\/index.php?rest_route=\/wp\/v2\/users\/22"}],"replies":[{"embeddable":true,"href":"https:\/\/sono.crans.org\/index.php?rest_route=%2Fwp%2Fv2%2Fcomments&post=138"}],"version-history":[{"count":7,"href":"https:\/\/sono.crans.org\/index.php?rest_route=\/wp\/v2\/pages\/138\/revisions"}],"predecessor-version":[{"id":893,"href":"https:\/\/sono.crans.org\/index.php?rest_route=\/wp\/v2\/pages\/138\/revisions\/893"}],"up":[{"embeddable":true,"href":"https:\/\/sono.crans.org\/index.php?rest_route=\/wp\/v2\/pages\/13"}],"wp:attachment":[{"href":"https:\/\/sono.crans.org\/index.php?rest_route=%2Fwp%2Fv2%2Fmedia&parent=138"}],"curies":[{"name":"wp","href":"https:\/\/api.w.org\/{rel}","templated":true}]}}