{"id":13,"date":"2012-09-21T20:19:31","date_gmt":"2012-09-21T18:19:31","guid":{"rendered":"http:\/\/sono.crans.org\/?page_id=13"},"modified":"2022-09-05T12:23:26","modified_gmt":"2022-09-05T10:23:26","slug":"photos","status":"publish","type":"page","link":"https:\/\/sono.crans.org\/?page_id=13","title":{"rendered":"Photos"},"content":{"rendered":"<p>Quelques unes de nos plus belles photos, pour le plaisir des yeux, et pourquoi pas, pour cr\u00e9er des vocations !<\/p>\n<ul>\n<li><a title=\"Photos Potager\" href=\"http:\/\/sono.crans.org\/?page_id=84\">Photos du potager<\/a><\/li>\n<li><a href=\"http:\/\/sono.crans.org\/?page_id=138\">Photos S\u00e9n\u00e9gal<\/a><\/li>\n<li><a href=\"http:\/\/sono.crans.org\/?page_id=78\">Photos B\u00e9nin<\/a><\/li>\n<li><a href=\"http:\/\/sono.crans.org\/?page_id=899\">Photos FLE Camp roumain<\/a><\/li>\n<\/ul>\n","protected":false},"excerpt":{"rendered":"<p>Quelques unes de nos plus belles photos, pour le plaisir des yeux, et pourquoi pas, pour cr\u00e9er des vocations ! Photos du potager Photos S\u00e9n\u00e9gal Photos B\u00e9nin Photos FLE Camp roumain<\/p>\n","protected":false},"author":22,"featured_media":0,"parent":0,"menu_order":4,"comment_status":"closed","ping_status":"closed","template":"","meta":[],"_links":{"self":[{"href":"https:\/\/sono.crans.org\/index.php?rest_route=\/wp\/v2\/pages\/13"}],"collection":[{"href":"https:\/\/sono.crans.org\/index.php?rest_route=\/wp\/v2\/pages"}],"about":[{"href":"https:\/\/sono.crans.org\/index.php?rest_route=\/wp\/v2\/types\/page"}],"author":[{"embeddable":true,"href":"https:\/\/sono.crans.org\/index.php?rest_route=\/wp\/v2\/users\/22"}],"replies":[{"embeddable":true,"href":"https:\/\/sono.crans.org\/index.php?rest_route=%2Fwp%2Fv2%2Fcomments&post=13"}],"version-history":[{"count":16,"href":"https:\/\/sono.crans.org\/index.php?rest_route=\/wp\/v2\/pages\/13\/revisions"}],"predecessor-version":[{"id":910,"href":"https:\/\/sono.crans.org\/index.php?rest_route=\/wp\/v2\/pages\/13\/revisions\/910"}],"wp:attachment":[{"href":"https:\/\/sono.crans.org\/index.php?rest_route=%2Fwp%2Fv2%2Fmedia&parent=13"}],"curies":[{"name":"wp","href":"https:\/\/api.w.org\/{rel}","templated":true}]}}