{"id":127,"date":"2012-09-29T17:34:33","date_gmt":"2012-09-29T15:34:33","guid":{"rendered":"http:\/\/sono.crans.org\/?page_id=127"},"modified":"2021-02-18T12:40:13","modified_gmt":"2021-02-18T10:40:13","slug":"senegal-2","status":"publish","type":"page","link":"https:\/\/sono.crans.org\/?page_id=127","title":{"rendered":"S\u00e9n\u00e9gal"},"content":{"rendered":"<p style=\"text-align: justify;\">L&rsquo;action de Solidarit\u00e9 Normalienne au <a href=\"https:\/\/www.google.com\/maps\/place\/Senegal\/@14.5001715,-14.4392276,8z\/data=!3m1!4b1!4m2!3m1!1s0xec172f5b3c5bb71:0x5a46a55099615940\">S\u00e9n\u00e9gal<\/a> a d\u00e9but\u00e9 en\u00a01995, lorsque nous avons rencontr\u00e9 Saliou Diouf, \u00e0 l&rsquo;\u00e9poque pr\u00e9sident de l&rsquo;Association des Ressortissants et Amis de Bandia en France (ARABAF) et Directeur des \u00e9tudes de l&rsquo;ENSETP (Ecole Normale Sup\u00e9rieure d&rsquo;Enseignement Technique et Professionnel) de Dakar. Il est devenu depuis un grand ami de l&rsquo;association et nombreux sont les membres de SoNo qui sont partis en mission dans son village : Bandia.<\/p>\n<p style=\"text-align: justify;\">Notre action consiste \u00e0 r\u00e9aliser de <strong>micro-projets d\u2019aide au d\u00e9veloppement<\/strong> dans des villages s\u00e9n\u00e9galais, par exemple dans le domaine de l\u2019\u00e9ducation (construction et \u00e9quipement d&rsquo;une salle de classe) ou de la sant\u00e9 (construction et \u00e9quipement d&rsquo;une case de sant\u00e9). Nous sommes guid\u00e9s par deux objectifs : r\u00e9pondre \u00e0 des besoins pr\u00e9cis (exprim\u00e9s par les habitants ou par des associations locales) et permettre aux micro-projets r\u00e9alis\u00e9s (cyber-caf\u00e9, case de sant\u00e9&#8230;) de subvenir eux-m\u00eames \u00e0 leurs besoins. Notre action s\u2019inscrit ainsi dans une d\u00e9marche, non d\u2019assistance, mais d\u2019aide au d\u00e9veloppement durable et autog\u00e9r\u00e9.<\/p>\n<div id=\"attachment_485\" style=\"width: 310px\" class=\"wp-caption aligncenter\"><a href=\"http:\/\/sono.crans.org\/wp-content\/uploads\/2012\/09\/bandia-le-soir1.jpg\"><img aria-describedby=\"caption-attachment-485\" decoding=\"async\" loading=\"lazy\" class=\"size-medium wp-image-485 \" title=\"Le village de Bandia\" src=\"http:\/\/sono.crans.org\/wp-content\/uploads\/2012\/09\/bandia-le-soir1-300x225.jpg\" alt=\"\" width=\"300\" height=\"225\" srcset=\"https:\/\/sono.crans.org\/wp-content\/uploads\/2012\/09\/bandia-le-soir1-300x225.jpg 300w, https:\/\/sono.crans.org\/wp-content\/uploads\/2012\/09\/bandia-le-soir1-1024x768.jpg 1024w, https:\/\/sono.crans.org\/wp-content\/uploads\/2012\/09\/bandia-le-soir1-400x300.jpg 400w\" sizes=\"(max-width: 300px) 100vw, 300px\" \/><\/a><p id=\"caption-attachment-485\" class=\"wp-caption-text\">Le village de Bandia<\/p><\/div>\n<p>Des membres de SoNo-S\u00e9n\u00e9gal se rendent chaque ann\u00e9e au S\u00e9n\u00e9gal en mission sur le terrain (souvent en juillet-ao\u00fbt). Leur r\u00f4le consiste \u00e0 :<\/p>\n<ul>\n<li><span style=\"color: #333333; font-family: 'Helvetica Neue', Helvetica, Arial, 'Nimbus Sans L', sans-serif; font-style: normal;\">aider les habitants et les associations locales \u00e0 formaliser leurs projets (au S\u00e9n\u00e9gal): r\u00e9flexion autour des besoins, \u00e9tablissement de priorit\u00e9s, recherche des meilleurs devis&#8230;\u00a0<\/span><\/li>\n<li><span style=\"color: #333333; font-family: 'Helvetica Neue', Helvetica, Arial, 'Nimbus Sans L', sans-serif; font-style: normal;\">servir d\u2019interm\u00e9diaire pour la recherche de financement (en France) : organisation de collectes, demandes de subvention \u00e0\u00a0nos partenaires fran\u00e7ais&#8230;<\/span><\/li>\n<li>effectuer un suivi des projets (au S\u00e9n\u00e9gal et depuis la France), pendant leur r\u00e9alisation (suivi des travaux&#8230;) et apr\u00e8s : bilans r\u00e9guliers, apport d&rsquo;un soutien si n\u00e9cessaire (conseils, achat d\u2019\u00e9quipements compl\u00e9mentaires&#8230;)<\/li>\n<\/ul>\n<p style=\"text-align: center;\"><a href=\"http:\/\/sono.crans.org\/wp-content\/uploads\/2012\/09\/CIMG1878.jpg\"><img decoding=\"async\" loading=\"lazy\" class=\"size-medium wp-image-487 aligncenter\" title=\"Discussion\" src=\"http:\/\/sono.crans.org\/wp-content\/uploads\/2012\/09\/CIMG1878-300x225.jpg\" alt=\"\" width=\"300\" height=\"225\" srcset=\"https:\/\/sono.crans.org\/wp-content\/uploads\/2012\/09\/CIMG1878-300x225.jpg 300w, https:\/\/sono.crans.org\/wp-content\/uploads\/2012\/09\/CIMG1878-1024x768.jpg 1024w, https:\/\/sono.crans.org\/wp-content\/uploads\/2012\/09\/CIMG1878-400x300.jpg 400w\" sizes=\"(max-width: 300px) 100vw, 300px\" \/><\/a><\/p>\n<p style=\"text-align: justify;\">Notre action concerne actuellement plusieurs villages de la <a href=\"https:\/\/www.google.com\/maps\/place\/Thies,+Senegal\/@14.7667839,-16.7656056,10z\/data=!4m2!3m1!1s0xec1c089764d3a81:0x92285222aa146fa9\">r\u00e9gion de Thi\u00e8s<\/a>, en particulier <strong>Bandia<\/strong> (\u00e0 cheval sur les communes rurales de <a href=\"https:\/\/www.google.com\/maps\/place\/Ndiass,+Senegal\/@14.6380882,-17.0875705,2228m\/data=!3m2!1e3!4b1!4m2!3m1!1s0xec1909655ba9b85:0x3aae03920798246d\">NDiass<\/a> et de <a href=\"https:\/\/www.google.com\/maps\/place\/Sindia,+Senegal\/@14.586397,-17.0367544,4457m\/data=!3m2!1e3!4b1!4m2!3m1!1s0xec191d8de3a5901:0x7ef451f88c142082\">Sindia<\/a>), <strong>Dobour<\/strong> (juste\u00a0\u00e0 c\u00f4t\u00e9 de Bandia) et <strong>Thiamby<\/strong> (commune rurale de <a href=\"https:\/\/www.google.com\/maps\/place\/Noto,+Senegal\/@14.6971781,-16.8853425,8909m\/data=!3m1!1e3!4m2!3m1!1s0xec1eb6e4391d857:0xfa7a84f9e456bb35\">Noto<\/a>). Les principaux projets sur lesquels nous travaillons en ce moment sont :<\/p>\n<ul>\n<li>la construction et l&rsquo;\u00e9quipement d&rsquo;une case de sant\u00e9 dans le village de Thiamby<\/li>\n<li>l\u2019approvisionnement en eau des 3 hameaux de Bandia (S\u00e9ss\u00e8ne, Mbambara et Ndiorokh) et de Dobour<\/li>\n<\/ul>\n<div id=\"attachment_488\" style=\"width: 310px\" class=\"wp-caption aligncenter\"><a href=\"http:\/\/sono.crans.org\/wp-content\/uploads\/2012\/09\/Photo-cyber-067.jpg\"><img aria-describedby=\"caption-attachment-488\" decoding=\"async\" loading=\"lazy\" class=\"size-medium wp-image-488\" title=\"Photo cyber 067\" src=\"http:\/\/sono.crans.org\/wp-content\/uploads\/2012\/09\/Photo-cyber-067-300x225.jpg\" alt=\"\" width=\"300\" height=\"225\" srcset=\"https:\/\/sono.crans.org\/wp-content\/uploads\/2012\/09\/Photo-cyber-067-300x225.jpg 300w, https:\/\/sono.crans.org\/wp-content\/uploads\/2012\/09\/Photo-cyber-067.jpg 360w\" sizes=\"(max-width: 300px) 100vw, 300px\" \/><\/a><p id=\"caption-attachment-488\" class=\"wp-caption-text\">Le cyber-caf\u00e9 ADLAS\/SoNo de S\u00e9bikhotane, inaugur\u00e9 en 2009<\/p><\/div>\n<p style=\"text-align: justify;\">Un grand merci \u00e0\u00a0l&rsquo;ENS de Cachan, au <a href=\"http:\/\/cachan-crij.org\/solidarite_internationale_040.htm\">CRIJ<\/a> de la mairie de Cachan et au Conseil G\u00e9n\u00e9ral du Val-de-Marne, qui apportent r\u00e9guli\u00e8rement un soutien financier\u00a0\u00e0 nos projets.<\/p>\n<p style=\"text-align: justify;\">Pour plus de d\u00e9tails sur notre action, n&rsquo;h\u00e9sitez pas \u00e0 nous contacter et\u00a0\u00e0\u00a0lire les compte-rendus des pr\u00e9c\u00e9dentes missions :<\/p>\n<p><a href=\"http:\/\/sono.crans.org\/wp-content\/uploads\/2012\/09\/CRmission2008.pdf\">Rapport mission 2008<\/a><\/p>\n<p><a href=\"http:\/\/sono.crans.org\/wp-content\/uploads\/2012\/09\/CRmission2009.pdf\">Rapport mission 2009<\/a><\/p>\n<p><a href=\"http:\/\/sono.crans.org\/wp-content\/uploads\/2012\/09\/CRmission2010.pdf\">Rapport mission 2010<\/a><\/p>\n<p><a href=\"http:\/\/sono.crans.org\/wp-content\/uploads\/2012\/09\/Rapport-mission-2013.pdf\">Rapport mission 2013<\/a><\/p>\n","protected":false},"excerpt":{"rendered":"<p>L&rsquo;action de Solidarit\u00e9 Normalienne au S\u00e9n\u00e9gal a d\u00e9but\u00e9 en\u00a01995, lorsque nous avons rencontr\u00e9 Saliou Diouf, \u00e0 l&rsquo;\u00e9poque pr\u00e9sident de l&rsquo;Association des Ressortissants et Amis de Bandia en France (ARABAF) et Directeur des \u00e9tudes de l&rsquo;ENSETP (Ecole Normale Sup\u00e9rieure d&rsquo;Enseignement Technique &hellip; <a href=\"https:\/\/sono.crans.org\/?page_id=127\">Lire la suite <span class=\"meta-nav\">&rarr;<\/span><\/a><\/p>\n","protected":false},"author":22,"featured_media":0,"parent":580,"menu_order":2,"comment_status":"closed","ping_status":"closed","template":"","meta":[],"_links":{"self":[{"href":"https:\/\/sono.crans.org\/index.php?rest_route=\/wp\/v2\/pages\/127"}],"collection":[{"href":"https:\/\/sono.crans.org\/index.php?rest_route=\/wp\/v2\/pages"}],"about":[{"href":"https:\/\/sono.crans.org\/index.php?rest_route=\/wp\/v2\/types\/page"}],"author":[{"embeddable":true,"href":"https:\/\/sono.crans.org\/index.php?rest_route=\/wp\/v2\/users\/22"}],"replies":[{"embeddable":true,"href":"https:\/\/sono.crans.org\/index.php?rest_route=%2Fwp%2Fv2%2Fcomments&post=127"}],"version-history":[{"count":17,"href":"https:\/\/sono.crans.org\/index.php?rest_route=\/wp\/v2\/pages\/127\/revisions"}],"predecessor-version":[{"id":130,"href":"https:\/\/sono.crans.org\/index.php?rest_route=\/wp\/v2\/pages\/127\/revisions\/130"}],"up":[{"embeddable":true,"href":"https:\/\/sono.crans.org\/index.php?rest_route=\/wp\/v2\/pages\/580"}],"wp:attachment":[{"href":"https:\/\/sono.crans.org\/index.php?rest_route=%2Fwp%2Fv2%2Fmedia&parent=127"}],"curies":[{"name":"wp","href":"https:\/\/api.w.org\/{rel}","templated":true}]}}