{"id":11,"date":"2012-09-21T20:19:12","date_gmt":"2012-09-21T18:19:12","guid":{"rendered":"http:\/\/sono.crans.org\/?page_id=11"},"modified":"2023-03-02T20:13:35","modified_gmt":"2023-03-02T18:13:35","slug":"informations-legales","status":"publish","type":"page","link":"https:\/\/sono.crans.org\/?page_id=11","title":{"rendered":"Le bureau"},"content":{"rendered":"<p><strong style=\"letter-spacing: 0.1em; text-transform: uppercase;\">COMPOSITION DU BUREAU POUR 2022-2023 :<\/strong><\/p>\n<ul>\n<li style=\"text-align: left;\">Pr\u00e9sident : Mathis Wetterwald ;<\/li>\n<li style=\"text-align: left;\">Vice-pr\u00e9sidents : Naomi Rossetti et Luc Grasset ;<\/li>\n<li style=\"text-align: left;\">Tr\u00e9sorier : No\u00e9 Vidal-Naquet ;<\/li>\n<li style=\"text-align: left;\">Secr\u00e9taire\u00a0: Emeric Hartmann ;<\/li>\n<li style=\"text-align: left;\">Vice-Secr\u00e9taire : Eren Alag\u00f6z ;<\/li>\n<li style=\"text-align: left;\">Esther Cariel sera \u00e9galement tr\u00e8s impliqu\u00e9e dans la conduite des actions.<\/li>\n<\/ul>\n","protected":false},"excerpt":{"rendered":"<p>COMPOSITION DU BUREAU POUR 2022-2023 : Pr\u00e9sident : Mathis Wetterwald ; Vice-pr\u00e9sidents : Naomi Rossetti et Luc Grasset ; Tr\u00e9sorier : No\u00e9 Vidal-Naquet ; Secr\u00e9taire\u00a0: Emeric Hartmann ; Vice-Secr\u00e9taire : Eren Alag\u00f6z ; Esther Cariel sera \u00e9galement tr\u00e8s impliqu\u00e9e dans &hellip; <a href=\"https:\/\/sono.crans.org\/?page_id=11\">Lire la suite <span class=\"meta-nav\">&rarr;<\/span><\/a><\/p>\n","protected":false},"author":22,"featured_media":0,"parent":4,"menu_order":0,"comment_status":"closed","ping_status":"closed","template":"","meta":[],"_links":{"self":[{"href":"https:\/\/sono.crans.org\/index.php?rest_route=\/wp\/v2\/pages\/11"}],"collection":[{"href":"https:\/\/sono.crans.org\/index.php?rest_route=\/wp\/v2\/pages"}],"about":[{"href":"https:\/\/sono.crans.org\/index.php?rest_route=\/wp\/v2\/types\/page"}],"author":[{"embeddable":true,"href":"https:\/\/sono.crans.org\/index.php?rest_route=\/wp\/v2\/users\/22"}],"replies":[{"embeddable":true,"href":"https:\/\/sono.crans.org\/index.php?rest_route=%2Fwp%2Fv2%2Fcomments&post=11"}],"version-history":[{"count":39,"href":"https:\/\/sono.crans.org\/index.php?rest_route=\/wp\/v2\/pages\/11\/revisions"}],"predecessor-version":[{"id":928,"href":"https:\/\/sono.crans.org\/index.php?rest_route=\/wp\/v2\/pages\/11\/revisions\/928"}],"up":[{"embeddable":true,"href":"https:\/\/sono.crans.org\/index.php?rest_route=\/wp\/v2\/pages\/4"}],"wp:attachment":[{"href":"https:\/\/sono.crans.org\/index.php?rest_route=%2Fwp%2Fv2%2Fmedia&parent=11"}],"curies":[{"name":"wp","href":"https:\/\/api.w.org\/{rel}","templated":true}]}}